{"id":191,"date":"2023-02-12T16:49:15","date_gmt":"2023-02-12T15:49:15","guid":{"rendered":"http:\/\/localhost\/Sito_locale\/Collaborazione\/?page_id=191"},"modified":"2025-07-09T15:58:00","modified_gmt":"2025-07-09T13:58:00","slug":"san-giuseppe-bevazzana","status":"publish","type":"page","link":"https:\/\/www.parrocchialignano.it\/de\/chi-siamo\/chiese\/san-giuseppe-bevazzana\/","title":{"rendered":"San Giuseppe &#8211; Bevazzana"},"content":{"rendered":"<p style=\"margin-top:20px\">La curazia di Bevazzana, il 17 febbraio 1946, riceve il suo primo parroco stabile, l\u2019Arcivescovo mons. Nogara, dona, a questa terra di bonifica alle porte della nascente Lignano, una guida spirituale, don Natale Mauro; prende cos\u00ec avvio la storia di questa piccola cittadina che, all\u2019epoca, conta poche centinaia di abitanti.<\/p>\n\n\n\n<p style=\"margin-top:20px\">La comunit\u00e0, nei primi tempi, celebra all\u2019interno di una stalla, ma la voglia di avere una costruzione degna per il culto, spinge il parroco a rimboccarsi le maniche e, aiutato dal paese, avvia la costruzione della nuova chiesa. Nuova perch\u00e9 Bevazzana aveva gi\u00e0 un suo edificio sacro, piccolo, situato sulle sponde del fiume Tagliamento, l\u2019antica chiesetta di Santa Maria, traslata nel 1965 a Lignano. Un trafiletto sul giornale della comunit\u00e0, cos\u00ec recita: \u201cIl 6 gennaio 1949 tutti i capi famiglia sono riuniti in assemblea per una decisione importante: si tratta di approvare il progetto ed iniziare i lavori per la costruzione della nuova chiesa.<\/p>\n\n\n\n<p>Poesia di date:&nbsp;<em>15 febbraio<\/em>, la popolazione trasporta 150 m\u00b3 di blocchi dalla demolizione dei fortini militari;&nbsp;<em>9 marzo<\/em>, inizio degli scavi per le fondazioni;&nbsp;<em>26 aprile<\/em>, getto conglomerato cementizio\u201d. Infine il&nbsp;<em>5 giugno 1949<\/em>, l\u2019Arcivescovo Nogara, ancora una volta in visita (frequent\u00f2 molto spesso la realt\u00e0 di Bevazzana dall\u2019invio del nuovo parroco, a questo momento), pose la prima pietra.<\/p>\n\n\n\n<p style=\"margin-bottom:20px\">Ancora, il giornale, prosegue: \u201cGiorno per giorno la costruzione sale, si staglia nella pianura, prende sagoma e viene coperta. Si procede celermente alle rifiniture del soffitto e degli intonaci alle pareti interne. Per il 2 settembre la nuova costruzione, che odora di calce, dimessa nell\u2019ornato, ma superba nella struttura, \u00e8 pronta. Assomiglia ad una giovane sposa in veste nuziale, pronta per la celebrazione del rito. L\u2019arcivescovo la benedice solennemente e la consegna immacolata all\u2019Onnipotente, perch\u00e9 sia la Sua dimora; al Redentore, perch\u00e9 sia l\u2019ara della Sua immolazione; ai fedeli, perch\u00e9 sia il luogo della preghiera e scuola della Verit\u00e0. \u00c8 sorta per volere di popolo, col generoso obolo di tanti, con sacrificio ed il lavoro di tutti: \u00e8 sorta soprattutto per la passione e la tenacia di un pretino dalla veste forse smunta e dal cuore d\u2019oro\u201d.<\/p>\n\n\n\n<figure class=\"wp-block-image aligncenter size-full wp-duotone-unset-1\"><img loading=\"lazy\" decoding=\"async\" width=\"258\" height=\"194\" src=\"http:\/\/phpnew.diocesiudine.it\/cplignano\/wp-content\/uploads\/2023\/02\/image.png\" alt=\"\" class=\"wp-image-712\"\/><figcaption class=\"wp-element-caption\"><em>La chiesa di Bevazzana in una foto d&#8217;archivio.<\/em><\/figcaption><\/figure>\n\n\n\n<p>29 Marzo 1952, la curia arcivescovile di Udine cos\u00ec decreta:<\/p>\n\n\n\n<blockquote class=\"wp-block-quote is-layout-flow wp-block-quote-is-layout-flow\">\n<p><em>Ecclesiam filiale sub titulo \u201cB. MARI\u00c6 VIRGINIS A MATERNITATE\u201d loci v. \u201cBEVAZZANA\u201d, cum homnibus, incolis, familiis et territorio, ab Ecclesia paroeciali SP. SANCTI PERTEGADA, definitive et perpetuo DIVIDIMUS, SEPARAMUS ET DISMEMBRAMUS atque in PAROECIALEM ERIGIMUS et CONSTITUIMUS\u201d.<\/em><\/p>\n<\/blockquote>\n\n\n\n<h3 class=\"wp-block-heading has-text-align-center\" style=\"font-size:2.5rem\">Il battistero<\/h3>\n\n\n\n<p>Smembrata dalla Parrocchia di Pertegada, la cappellania di Bevazzana viene eretta a Parrocchia. Nel \u201952 viene posto il battistero, inizialmente collocato, come voleva la tradizione, all\u2019ingresso della Chiesa sul lato sinistro, oggi \u00e8 posto sul lato destro ai piedi del presbiterio. La chiesa di Bevazzana si vota fin da subito a San Giuseppe, ma non dimentica la sua Sposa; come, infatti, molte comunit\u00e0 friulane, anche questa piccola realt\u00e0, vuole Maria come protettrice.<\/p>\n\n\n\n<p>Si sceglie la Madonna Addolorata e la statua, opera del professor Nello Galasso di Ronchis, viene collocata su di un altare provvisorio il 16 settembre del 1952 dove rimarr\u00e0 sino al 20 settembre 1964, giorno dell\u2019inaugurazione del nuovo altare (oggi visibile).<\/p>\n\n\n\n<p>Nel dicembre del 1953 si inaugura la Casa Canonica e nel 1958 l\u2019asilo parrocchiale, affidato alla cura delle suore Pastorelle. Ancora oggi, sul lato sinistro del presbiterio, \u00e8 possibile contemplare una pala raffigurante Sant\u2019Antonio da Padova che tiene in braccio il bambino con, inginocchiate ai suoi piedi, la Povert\u00e0 e la Ricchezza. Questo dipinto, presentato in occasione della visita pastorale del Patriarca alla parrocchia dei Gesuati (Chiesa di Santa Maria del Rosario in Venezia) e opera del pittore veneziano, Mario Ferrari-Bravo, fu donata alla chiesa di Bevazzana e benedetta da mons. Cicuttini il 26 Dicembre 1954.<\/p>\n\n\n\n<h3 class=\"wp-block-heading has-text-align-center\" style=\"font-size:2.5rem\">Altare maggiore<\/h3>\n\n\n\n<p>La Chiesa, negli anni, riceve costanti migliorie, il Sabato Santo del 1960, per la prima volta, suonano le tre nuove campane, nel \u201961 viene posto e inaugurato il nuovo altar maggiore, opera, ancora una volta, del professor Nello Galasso; vengono posizionati i banchi e si conclude il pavimento musivo, ancora oggi visionabile, rappresentante l\u2019ancora, l\u2019Agnus Dei e il veliero. Il 19 marzo 1964 (solennit\u00e0 di San Giuseppe) viene inaugurato il mosaico in facciata, rappresentate il santo, opera dello stesso Galasso.<\/p>\n\n\n\n<h3 class=\"wp-block-heading has-text-align-center\" style=\"font-size:2.5rem\">Altare dedicato a Sant&#8217;Antonio di Padova<\/h3>\n\n\n\n<p>In tempi pi\u00f9 recenti la chiesa fu dotata di un secondo altare laterale in marmo, su cui \u00e8 posta, per la pubblica venerazione, la statua di Sant\u2019Antonio di Padova, e riceve in dono una tela, dalla storia travagliata, raffigurante San Giuseppe e il Bambin Ges\u00f9. Don Natale Mauro rimase parroco sino alla fine degli anni \u201980; a lui si susseguirono diversi sacerdoti, ma nessuno pot\u00e8 risiedere in parrocchia essendo loro affidata la cura di diverse comunit\u00e0 contemporaneamente.<\/p>\n\n\n\n<div style=\"height:20px\" aria-hidden=\"true\" class=\"wp-block-spacer\"><\/div>\n\n\n\n<div class=\"wp-block-columns is-layout-flex wp-container-core-columns-is-layout-2c5fdd91 wp-block-columns-is-layout-flex\" style=\"padding-top:0;padding-right:0;padding-bottom:0;padding-left:0\">\n<div class=\"wp-block-column is-layout-flow wp-block-column-is-layout-flow\">\n<style>\n\n.google-maps {\n\n        position: relative;\n\n        padding-bottom: 75%; \/\/ This is the aspect ratio\n\n        height: 0;\n\n        overflow: hidden;\n\n    }\n\n.google-maps iframe {\n\n        position: absolute;\n\n        top: 0;\n\n        left: 0;\n\n        width: 100% !important;\n\n        height: 100% !important;\n\n    }\n\n<\/style>\n\n<div class=\"google-maps\">\n\n<iframe src=\"https:\/\/www.google.com\/maps\/embed?pb=!1m18!1m12!1m3!1d355945.0475612669!2d12.819335240776752!3d45.814849488887454!2m3!1f0!2f0!3f0!3m2!1i1024!2i768!4f13.1!3m3!1m2!1s0x477b936614f8755b%3A0xbe5b8d1c6cd77196!2sChiesa%20di%20S.%20Giuseppe%20Sposo%20della%20Beata%20Vergine%20Maria!5e0!3m2!1sit!2sit!4v1678351814518!5m2!1sit!2sit\" width=\"450\" height=\"400\" style=\"border:0;\" allowfullscreen=\"\" loading=\"lazy\" referrerpolicy=\"no-referrer-when-downgrade\"><\/iframe>\n\n<\/div>\n<\/div>\n\n\n\n<div class=\"wp-block-column is-vertically-aligned-center is-layout-flow wp-block-column-is-layout-flow\">\n<h3 class=\"wp-block-heading has-medium-font-size\" style=\"letter-spacing:1px\">ORARI MESSE<\/h3>\n\n\n\n<div class=\"wp-block-group is-nowrap is-layout-flex wp-container-core-group-is-layout-6c531013 wp-block-group-is-layout-flex\">\n<hr class=\"wp-block-separator has-text-color has-alpha-channel-opacity has-background\" style=\"background-color:#fce000;color:#fce000\"\/>\n<\/div>\n\n\n\n<p><strong>Festive<\/strong>: ore 09:30<\/p>\n<\/div>\n<\/div>","protected":false},"excerpt":{"rendered":"<p>La curazia di Bevazzana, il 17 febbraio 1946, riceve il suo primo parroco stabile, l\u2019Arcivescovo mons. Nogara, dona, a questa terra di bonifica alle porte della nascente Lignano, una guida spirituale, don Natale Mauro; prende cos\u00ec avvio la storia di questa piccola cittadina che, all\u2019epoca, conta poche centinaia di abitanti. La comunit\u00e0, nei primi tempi, [&hellip;]<\/p>\n","protected":false},"author":5,"featured_media":652,"parent":11,"menu_order":0,"comment_status":"closed","ping_status":"closed","template":"","meta":{"footnotes":""},"class_list":["post-191","page","type-page","status-publish","has-post-thumbnail","hentry"],"aioseo_notices":[],"_links":{"self":[{"href":"https:\/\/www.parrocchialignano.it\/de\/wp-json\/wp\/v2\/pages\/191","targetHints":{"allow":["GET"]}}],"collection":[{"href":"https:\/\/www.parrocchialignano.it\/de\/wp-json\/wp\/v2\/pages"}],"about":[{"href":"https:\/\/www.parrocchialignano.it\/de\/wp-json\/wp\/v2\/types\/page"}],"author":[{"embeddable":true,"href":"https:\/\/www.parrocchialignano.it\/de\/wp-json\/wp\/v2\/users\/5"}],"replies":[{"embeddable":true,"href":"https:\/\/www.parrocchialignano.it\/de\/wp-json\/wp\/v2\/comments?post=191"}],"version-history":[{"count":29,"href":"https:\/\/www.parrocchialignano.it\/de\/wp-json\/wp\/v2\/pages\/191\/revisions"}],"predecessor-version":[{"id":3225,"href":"https:\/\/www.parrocchialignano.it\/de\/wp-json\/wp\/v2\/pages\/191\/revisions\/3225"}],"up":[{"embeddable":true,"href":"https:\/\/www.parrocchialignano.it\/de\/wp-json\/wp\/v2\/pages\/11"}],"wp:featuredmedia":[{"embeddable":true,"href":"https:\/\/www.parrocchialignano.it\/de\/wp-json\/wp\/v2\/media\/652"}],"wp:attachment":[{"href":"https:\/\/www.parrocchialignano.it\/de\/wp-json\/wp\/v2\/media?parent=191"}],"curies":[{"name":"wp","href":"https:\/\/api.w.org\/{rel}","templated":true}]}}